{"id":157,"date":"2025-07-23T12:24:11","date_gmt":"2025-07-23T09:24:11","guid":{"rendered":"https:\/\/dani001.supserv.cozmoslabs.com\/?page_id=157"},"modified":"2025-07-24T16:59:12","modified_gmt":"2025-07-24T13:59:12","slug":"homepage","status":"publish","type":"page","link":"https:\/\/dani001.supserv.cozmoslabs.com\/es\/","title":{"rendered":"P\u00e1gina de inicio"},"content":{"rendered":"<div class=\"wp-block-group alignfull has-global-padding is-layout-constrained wp-block-group-is-layout-constrained\" style=\"margin-top:0;margin-bottom:0\">\n<div class=\"wp-block-columns alignfull is-layout-flex wp-container-core-columns-is-layout-9c22b1e3 wp-block-columns-is-layout-flex\">\n<div class=\"wp-block-column is-layout-flow wp-block-column-is-layout-flow\" style=\"flex-basis:55%\">\n<div style=\"aspect-ratio:1;min-height:unset;\" class=\"wp-block-cover is-light has-aspect-ratio\"><img decoding=\"async\" class=\"wp-block-cover__image-background\" alt=\"Imagen del libro\" src=\"https:\/\/dani001.supserv.cozmoslabs.com\/wp-content\/themes\/twentytwentyfive\/assets\/images\/book-image-landing.webp\" data-object-fit=\"cover\"\/><span aria-hidden=\"true\" class=\"wp-block-cover__background has-background-dim-0 has-background-dim\" style=\"background-color:#6b6b6b\"><\/span><div class=\"wp-block-cover__inner-container is-layout-flow wp-block-cover-is-layout-flow\">\n<div style=\"height:var(--wp--preset--spacing--20)\" aria-hidden=\"true\" class=\"wp-block-spacer\"><\/div>\n<\/div><\/div>\n<\/div>\n\n\n\n<div class=\"wp-block-column is-vertically-aligned-center is-layout-flow wp-block-column-is-layout-flow\" style=\"padding-top:var(--wp--preset--spacing--60);padding-right:var(--wp--preset--spacing--60);padding-bottom:var(--wp--preset--spacing--60);padding-left:var(--wp--preset--spacing--60)\">\n<h2 class=\"wp-block-heading has-xx-large-font-size\">The Stories Book<\/h2>\n\n\n\n<p>Ya est\u00e1 disponible para pedidos anticipados fotograf\u00edas de Louis Fleckenstein, Paul Strand y Asahachi K\u014dno.<\/p>\n\n\n\n<p class=\"has-medium-font-size\">Ya est\u00e1 disponible por los pedidos anticipados.<\/p>\n<\/div>\n<\/div>\n<\/div>\n\n\n\n<div class=\"wp-block-group alignfull has-global-padding is-layout-constrained wp-container-core-group-is-layout-54af5b55 wp-block-group-is-layout-constrained\" style=\"margin-top:0;margin-bottom:0;padding-top:var(--wp--preset--spacing--60);padding-bottom:var(--wp--preset--spacing--60)\">\n<h2 class=\"wp-block-heading alignwide has-text-align-center has-x-large-font-size\">Compre su ejemplar de The Stories Book<\/h2>\n\n\n\n<div class=\"wp-block-buttons alignwide has-custom-font-size has-medium-font-size is-content-justification-center is-layout-flex wp-container-core-buttons-is-layout-c124d1c4 wp-block-buttons-is-layout-flex\">\n<div class=\"wp-block-button\"><a class=\"wp-block-button__link wp-element-button\">Amazon<\/a><\/div>\n\n\n\n<div class=\"wp-block-button\"><a class=\"wp-block-button__link wp-element-button\">Audible<\/a><\/div>\n\n\n\n<div class=\"wp-block-button\"><a class=\"wp-block-button__link wp-element-button\">Barnes &amp; Noble<\/a><\/div>\n\n\n\n<div class=\"wp-block-button\"><a class=\"wp-block-button__link wp-element-button\">Libros de Apple<\/a><\/div>\n\n\n\n<div class=\"wp-block-button\"><a class=\"wp-block-button__link wp-element-button\">Librer\u00eda.org<\/a><\/div>\n\n\n\n<div class=\"wp-block-button\"><a class=\"wp-block-button__link wp-element-button\">Spotify<\/a><\/div>\n\n\n\n<div class=\"wp-block-button\"><a class=\"wp-block-button__link wp-element-button\">\u00a1BAM!<\/a><\/div>\n\n\n\n<div class=\"wp-block-button\"><a class=\"wp-block-button__link wp-element-button\">Simon &amp; Schuster<\/a><\/div>\n<\/div>\n\n\n\n<p class=\"has-text-align-center has-medium-font-size\">\u00bfFuera de Europa? Ver <a href=\"#\" rel=\"nofollow\">ediciones internacionales<\/a>.<\/p>\n<\/div>\n\n\n\n<div class=\"wp-block-group alignfull has-global-padding is-layout-constrained wp-block-group-is-layout-constrained\" style=\"margin-top:0;margin-bottom:0;padding-top:var(--wp--preset--spacing--50);padding-bottom:var(--wp--preset--spacing--50)\">\n<div class=\"wp-block-columns alignwide is-layout-flex wp-container-core-columns-is-layout-fa584acd wp-block-columns-is-layout-flex\">\n<div class=\"wp-block-column is-vertically-aligned-center is-layout-flow wp-block-column-is-layout-flow\">\n<h2 class=\"wp-block-heading has-xx-large-font-size\">Sobre el libro<\/h2>\n\n\n\n<p class=\"has-medium-font-size\">Esta exquisita recopilaci\u00f3n muestra una variada gama de fotograf\u00edas que captan la esencia de diferentes \u00e9pocas y culturas, reflejando los estilos y perspectivas \u00fanicos de cada artista. Las evocadoras im\u00e1genes de Fleckenstein, el innovador enfoque modernista de Strand y la meticulosa documentaci\u00f3n de la vida japonesa de K\u014dno se unen en una armoniosa mezcla que celebra el arte de la fotograf\u00eda. Cada imagen de \"El libro de las historias\" va acompa\u00f1ada de un comentario perspicaz, que proporciona un contexto hist\u00f3rico y revela las historias que hay detr\u00e1s de las fotograf\u00edas. Esta colecci\u00f3n no es s\u00f3lo un fest\u00edn visual, sino tambi\u00e9n un tributo al poder de la fotograf\u00eda para preservar y narrar las polifac\u00e9ticas experiencias de la humanidad.<\/p>\n<\/div>\n\n\n\n<div class=\"wp-block-column is-vertically-aligned-center is-layout-flow wp-block-column-is-layout-flow\">\n<figure class=\"wp-block-image size-full\"><img decoding=\"async\" src=\"https:\/\/dani001.supserv.cozmoslabs.com\/wp-content\/themes\/twentytwentyfive\/assets\/images\/book-image-landing.webp\" alt=\"Imagen de un libro\" style=\"aspect-ratio:1;object-fit:cover\"\/><\/figure>\n<\/div>\n<\/div>\n<\/div>\n\n\n\n<div class=\"wp-block-group alignfull is-style-default has-global-padding is-layout-constrained wp-block-group-is-layout-constrained\" style=\"margin-top:0;margin-bottom:0;padding-top:var(--wp--preset--spacing--60);padding-bottom:var(--wp--preset--spacing--60)\">\n<div class=\"wp-block-columns alignwide is-layout-flex wp-container-core-columns-is-layout-6ef9061c wp-block-columns-is-layout-flex\">\n<div class=\"wp-block-column is-layout-flow wp-block-column-is-layout-flow\" style=\"flex-basis:60%\">\n<div class=\"wp-block-group is-vertical is-layout-flex wp-container-core-group-is-layout-913d5755 wp-block-group-is-layout-flex\" style=\"padding-bottom:var(--wp--preset--spacing--30)\">\n<h2 class=\"wp-block-heading\">Ediciones internacionales<\/h2>\n\n\n\n<p class=\"has-medium-font-size\">El Libro de Historias estar\u00e1 disponible en estos minoristas internacionales.<\/p>\n<\/div>\n<\/div>\n\n\n\n<div class=\"wp-block-column is-layout-flow wp-block-column-is-layout-flow\" style=\"flex-basis:40%\">\n<div class=\"wp-block-columns is-layout-flex wp-container-core-columns-is-layout-28f84493 wp-block-columns-is-layout-flex\">\n<div class=\"wp-block-column is-layout-flow wp-container-core-column-is-layout-5dafc681 wp-block-column-is-layout-flow\">\n<div class=\"wp-block-group has-global-padding is-content-justification-left is-layout-constrained wp-container-core-group-is-layout-3540e7cd wp-block-group-is-layout-constrained\">\n<h3 class=\"wp-block-heading has-large-font-size\" style=\"font-style:normal;font-weight:500\">Australia<\/h3>\n\n\n\n<p class=\"has-medium-font-size\"><a href=\"#\">Librer\u00eda<\/a><\/p>\n<\/div>\n\n\n\n<div class=\"wp-block-group has-global-padding is-content-justification-left is-layout-constrained wp-container-core-group-is-layout-0b710646 wp-block-group-is-layout-constrained\">\n<h3 class=\"wp-block-heading has-large-font-size\" style=\"font-style:normal;font-weight:500\">Brasil<\/h3>\n\n\n\n<p class=\"has-medium-font-size\"><a href=\"#\">Librer\u00eda<\/a><\/p>\n<\/div>\n\n\n\n<div class=\"wp-block-group has-global-padding is-content-justification-left is-layout-constrained wp-container-core-group-is-layout-0b710646 wp-block-group-is-layout-constrained\">\n<h3 class=\"wp-block-heading has-large-font-size\" style=\"font-style:normal;font-weight:500\">Canad\u00e1<\/h3>\n\n\n\n<p class=\"has-medium-font-size\"><a href=\"#\">Librer\u00eda<\/a><\/p>\n<\/div>\n\n\n\n<div class=\"wp-block-group has-global-padding is-content-justification-left is-layout-constrained wp-container-core-group-is-layout-0b710646 wp-block-group-is-layout-constrained\">\n<h3 class=\"wp-block-heading has-large-font-size\" style=\"font-style:normal;font-weight:500\">Jap\u00f3n<\/h3>\n\n\n\n<p class=\"has-medium-font-size\"><a href=\"#\">Librer\u00eda<\/a><\/p>\n<\/div>\n<\/div>\n\n\n\n<div class=\"wp-block-column is-layout-flow wp-container-core-column-is-layout-5dafc681 wp-block-column-is-layout-flow\">\n<div class=\"wp-block-group has-global-padding is-content-justification-left is-layout-constrained wp-container-core-group-is-layout-3540e7cd wp-block-group-is-layout-constrained\">\n<h3 class=\"wp-block-heading has-large-font-size\" style=\"font-style:normal;font-weight:500\">Nueva Zelanda<\/h3>\n\n\n\n<p class=\"has-medium-font-size\"><a href=\"#\">Librer\u00eda<\/a><\/p>\n<\/div>\n\n\n\n<div class=\"wp-block-group has-global-padding is-content-justification-left is-layout-constrained wp-container-core-group-is-layout-0b710646 wp-block-group-is-layout-constrained\">\n<h3 class=\"wp-block-heading has-large-font-size\" style=\"font-style:normal;font-weight:500\">Suiza<\/h3>\n\n\n\n<p class=\"has-medium-font-size\"><a href=\"#\">Librer\u00eda<\/a><\/p>\n<\/div>\n\n\n\n<div class=\"wp-block-group has-global-padding is-content-justification-left is-layout-constrained wp-container-core-group-is-layout-0b710646 wp-block-group-is-layout-constrained\">\n<h3 class=\"wp-block-heading has-large-font-size\" style=\"font-style:normal;font-weight:500\">Estados Unidos<\/h3>\n\n\n\n<p class=\"has-medium-font-size\"><a href=\"#\">Librer\u00eda<\/a><\/p>\n<\/div>\n\n\n\n<div class=\"wp-block-group has-global-padding is-content-justification-left is-layout-constrained wp-container-core-group-is-layout-0b710646 wp-block-group-is-layout-constrained\">\n<h3 class=\"wp-block-heading has-large-font-size\" style=\"font-style:normal;font-weight:500\">Reino Unido<\/h3>\n\n\n\n<p class=\"has-medium-font-size\"><a href=\"#\">Librer\u00eda<\/a><\/p>\n<\/div>\n<\/div>\n<\/div>\n<\/div>\n<\/div>\n<\/div>\n\n\n\n<div class=\"wp-block-group alignfull has-global-padding is-layout-constrained wp-block-group-is-layout-constrained\" style=\"margin-top:0;margin-bottom:0\">\n<div class=\"wp-block-group alignwide is-layout-flow wp-container-core-group-is-layout-d58a0413 wp-block-group-is-layout-flow\" style=\"padding-top:var(--wp--preset--spacing--50);padding-bottom:var(--wp--preset--spacing--50)\">\n<h2 class=\"wp-block-heading has-x-large-font-size\">Preguntas frecuentes<\/h2>\n\n\n\n<div class=\"wp-block-columns is-layout-flex wp-container-core-columns-is-layout-cbe57604 wp-block-columns-is-layout-flex\">\n<div class=\"wp-block-column is-layout-flow wp-block-column-is-layout-flow\">\n<div class=\"wp-block-group is-layout-flow wp-block-group-is-layout-flow\" style=\"border-top-color:var(--wp--preset--color--accent-6);border-top-width:1px;padding-top:var(--wp--preset--spacing--30);padding-bottom:var(--wp--preset--spacing--30)\">\n<h3 class=\"wp-block-heading\">\u00bfDe qu\u00e9 trata El libro de los cuentos?<\/h3>\n\n\n\n<p>Esta exquisita recopilaci\u00f3n muestra una variada gama de fotograf\u00edas que captan la esencia de diferentes \u00e9pocas y culturas, reflejando los estilos y perspectivas \u00fanicos de cada artista.<\/p>\n<\/div>\n<\/div>\n\n\n\n<div class=\"wp-block-column is-layout-flow wp-block-column-is-layout-flow\">\n<div class=\"wp-block-group is-layout-flow wp-block-group-is-layout-flow\" style=\"border-top-color:var(--wp--preset--color--accent-6);border-top-width:1px;padding-top:var(--wp--preset--spacing--30);padding-bottom:var(--wp--preset--spacing--30)\">\n<h3 class=\"wp-block-heading\">\u00bfCu\u00e1nto cuesta El libro de los cuentos?<\/h3>\n\n\n\n<p>Esta exquisita recopilaci\u00f3n muestra una variada gama de fotograf\u00edas que captan la esencia de diferentes \u00e9pocas y culturas, reflejando los estilos y perspectivas \u00fanicos de cada artista.<\/p>\n<\/div>\n<\/div>\n<\/div>\n\n\n\n<div class=\"wp-block-columns is-layout-flex wp-container-core-columns-is-layout-cbe57604 wp-block-columns-is-layout-flex\">\n<div class=\"wp-block-column is-layout-flow wp-block-column-is-layout-flow\">\n<div class=\"wp-block-group is-layout-flow wp-block-group-is-layout-flow\" style=\"border-top-color:var(--wp--preset--color--accent-6);border-top-width:1px;padding-top:var(--wp--preset--spacing--30);padding-bottom:var(--wp--preset--spacing--30)\">\n<h3 class=\"wp-block-heading\">\u00bfCu\u00e1ndo saldr\u00e1 a la venta El libro de las historias?<\/h3>\n\n\n\n<p>Esta exquisita recopilaci\u00f3n muestra una variada gama de fotograf\u00edas que captan la esencia de diferentes \u00e9pocas y culturas, reflejando los estilos y perspectivas \u00fanicos de cada artista.<\/p>\n<\/div>\n<\/div>\n\n\n\n<div class=\"wp-block-column is-layout-flow wp-block-column-is-layout-flow\">\n<div class=\"wp-block-group is-layout-flow wp-block-group-is-layout-flow\" style=\"border-top-color:var(--wp--preset--color--accent-6);border-top-width:1px;padding-top:var(--wp--preset--spacing--30);padding-bottom:var(--wp--preset--spacing--30)\">\n<h3 class=\"wp-block-heading\">\u00bfHay ejemplares firmados?<\/h3>\n\n\n\n<p>Esta exquisita recopilaci\u00f3n muestra una variada gama de fotograf\u00edas que captan la esencia de diferentes \u00e9pocas y culturas, reflejando los estilos y perspectivas \u00fanicos de cada artista.<\/p>\n<\/div>\n<\/div>\n<\/div>\n<\/div>\n<\/div>\n\n\n\n<aside class=\"wp-block-group alignfull is-style-section-3 has-global-padding is-layout-constrained wp-container-core-group-is-layout-f0f2a97b wp-block-group-is-layout-constrained\" style=\"margin-top:0;margin-bottom:0;padding-top:var(--wp--preset--spacing--50);padding-right:var(--wp--preset--spacing--50);padding-bottom:var(--wp--preset--spacing--50);padding-left:var(--wp--preset--spacing--50)\">\n<div class=\"wp-block-group is-vertical is-content-justification-center is-layout-flex wp-container-core-group-is-layout-8778ca4a wp-block-group-is-layout-flex\" style=\"min-height:360px;margin-top:0;margin-bottom:0\">\n<h2 class=\"wp-block-heading has-text-align-center has-xx-large-font-size\">Suscr\u00edbase para recibir noticias diarias<\/h2>\n\n\n\n<p class=\"has-text-align-center is-style-text-subtitle\">Acceda a una colecci\u00f3n comisariada de momentos en el tiempo con fotograf\u00edas de relevancia hist\u00f3rica.<\/p>\n\n\n\n<div style=\"height:0px\" aria-hidden=\"true\" class=\"wp-block-spacer wp-container-content-62aae154\"><\/div>\n\n\n\n<div class=\"wp-block-buttons is-content-justification-center is-layout-flex wp-container-core-buttons-is-layout-a89b3969 wp-block-buttons-is-layout-flex\">\n<div class=\"wp-block-button\"><a class=\"wp-block-button__link has-text-align-center wp-element-button\" href=\"https:\/\/dani001.supserv.cozmoslabs.com\/es\/suscripciones\/\">Suscribir<\/a><\/div>\n<\/div>\n<\/div>\n<\/aside>\n\n\n\n<div class=\"wp-block-buttons is-content-justification-center is-layout-flex wp-container-core-buttons-is-layout-a89b3969 wp-block-buttons-is-layout-flex\">\n<div class=\"wp-block-button\"><a class=\"wp-block-button__link has-text-align-center wp-element-button\" href=\"https:\/\/es.wikipedia.org\/wiki\/Historia_de_Espa\u00f1a\">Ver informaci\u00f3n sobre Espa\u00f1a<\/a><\/div>\n<\/div>\n\n\n\n<div style=\"height:47px\" aria-hidden=\"true\" class=\"wp-block-spacer\"><\/div>\n\n\n\n\n\n<\/p>\n\n\n\n<div data-wp-interactive=\"core\/file\" class=\"wp-block-file\"><object data-wp-bind--hidden=\"!state.hasPdfPreview\" hidden class=\"wp-block-file__embed\" data=\"https:\/\/dani001.supserv.cozmoslabs.com\/wp-content\/uploads\/2025\/07\/La-historia-de-Doru.pdf\" type=\"application\/pdf\" style=\"width:100%;height:600px\" aria-label=\"Incrustado de La historia de Doru.\"><\/object><a id=\"wp-block-file--media-e445864c-11fc-4692-8d3d-2a4ee9da4a0e\" href=\"https:\/\/dani001.supserv.cozmoslabs.com\/wp-content\/uploads\/2025\/07\/La-historia-de-Doru.pdf\">La historia de Doru<\/a><a href=\"https:\/\/dani001.supserv.cozmoslabs.com\/wp-content\/uploads\/2025\/07\/La-historia-de-Doru.pdf\" class=\"wp-block-file__button wp-element-button\" download aria-describedby=\"wp-block-file--media-e445864c-11fc-4692-8d3d-2a4ee9da4a0e\">Descargar<\/a><\/div>\n\n\n<p>","protected":false},"excerpt":{"rendered":"<p>The Stories Book A fine collection of moments in time featuring photographs from Louis Fleckenstein, Paul Strand and Asahachi K\u014dno. Available for pre-order now. Buy your copy of The Stories Book Outside Europe? View international editions. About the book This exquisite compilation showcases a diverse array of photographs that capture the essence of different eras &hellip; <\/p>\n<p class=\"link-more\"><a href=\"https:\/\/dani001.supserv.cozmoslabs.com\/es\/\" class=\"more-link\">Leer m\u00e1s<span class=\"screen-reader-text\"> \u00abHomePage\u00bb<\/span><\/a><\/p>","protected":false},"author":1,"featured_media":0,"parent":0,"menu_order":0,"comment_status":"closed","ping_status":"closed","template":"","meta":{"inspiro_hide_title":false,"footnotes":""},"class_list":["post-157","page","type-page","status-publish","hentry"],"yoast_head":"<!-- This site is optimized with the Yoast SEO plugin v27.4 - https:\/\/yoast.com\/product\/yoast-seo-wordpress\/ -->\n<title>HomePage - Onboarding Site<\/title>\n<meta name=\"robots\" content=\"noindex, follow, max-snippet:-1, max-image-preview:large, max-video-preview:-1\" \/>\n<meta property=\"og:locale\" content=\"es_ES\" \/>\n<meta property=\"og:type\" content=\"article\" \/>\n<meta property=\"og:title\" content=\"HomePage - Onboarding Site\" \/>\n<meta property=\"og:description\" content=\"The Stories Book A fine collection of moments in time featuring photographs from Louis Fleckenstein, Paul Strand and Asahachi K\u014dno. Available for pre-order now. Buy your copy of The Stories Book Outside Europe? View international editions. About the book This exquisite compilation showcases a diverse array of photographs that capture the essence of different eras &hellip; Leer m\u00e1s \u00abHomePage\u00bb\" \/>\n<meta property=\"og:url\" content=\"https:\/\/dani001.supserv.cozmoslabs.com\/es\/\" \/>\n<meta property=\"og:site_name\" content=\"Onboarding Site\" \/>\n<meta property=\"article:modified_time\" content=\"2025-07-24T13:59:12+00:00\" \/>\n<meta property=\"og:image\" content=\"https:\/\/dani001.supserv.cozmoslabs.com\/wp-content\/themes\/twentytwentyfive\/assets\/images\/book-image-landing.webp\" \/>\n<meta name=\"twitter:card\" content=\"summary_large_image\" \/>\n<meta name=\"twitter:label1\" content=\"Tiempo de lectura\" \/>\n\t<meta name=\"twitter:data1\" content=\"2 minutos\" \/>\n<script type=\"application\/ld+json\" class=\"yoast-schema-graph\">{\"@context\":\"https:\\\/\\\/schema.org\",\"@graph\":[{\"@type\":\"WebPage\",\"@id\":\"https:\\\/\\\/dani001.supserv.cozmoslabs.com\\\/\",\"url\":\"https:\\\/\\\/dani001.supserv.cozmoslabs.com\\\/\",\"name\":\"HomePage - Onboarding Site\",\"isPartOf\":{\"@id\":\"https:\\\/\\\/dani001.supserv.cozmoslabs.com\\\/#website\"},\"primaryImageOfPage\":{\"@id\":\"https:\\\/\\\/dani001.supserv.cozmoslabs.com\\\/#primaryimage\"},\"image\":{\"@id\":\"https:\\\/\\\/dani001.supserv.cozmoslabs.com\\\/#primaryimage\"},\"thumbnailUrl\":\"https:\\\/\\\/dani001.supserv.cozmoslabs.com\\\/wp-content\\\/themes\\\/twentytwentyfive\\\/assets\\\/images\\\/book-image-landing.webp\",\"datePublished\":\"2025-07-23T09:24:11+00:00\",\"dateModified\":\"2025-07-24T13:59:12+00:00\",\"breadcrumb\":{\"@id\":\"https:\\\/\\\/dani001.supserv.cozmoslabs.com\\\/#breadcrumb\"},\"inLanguage\":\"es\",\"potentialAction\":[{\"@type\":\"ReadAction\",\"target\":[\"https:\\\/\\\/dani001.supserv.cozmoslabs.com\\\/\"]}]},{\"@type\":\"ImageObject\",\"inLanguage\":\"es\",\"@id\":\"https:\\\/\\\/dani001.supserv.cozmoslabs.com\\\/#primaryimage\",\"url\":\"https:\\\/\\\/dani001.supserv.cozmoslabs.com\\\/wp-content\\\/themes\\\/twentytwentyfive\\\/assets\\\/images\\\/book-image-landing.webp\",\"contentUrl\":\"https:\\\/\\\/dani001.supserv.cozmoslabs.com\\\/wp-content\\\/themes\\\/twentytwentyfive\\\/assets\\\/images\\\/book-image-landing.webp\"},{\"@type\":\"BreadcrumbList\",\"@id\":\"https:\\\/\\\/dani001.supserv.cozmoslabs.com\\\/#breadcrumb\",\"itemListElement\":[{\"@type\":\"ListItem\",\"position\":1,\"name\":\"Home\",\"item\":\"https:\\\/\\\/dani001.supserv.cozmoslabs.com\\\/\"},{\"@type\":\"ListItem\",\"position\":2,\"name\":\"HomePage\"}]},{\"@type\":\"WebSite\",\"@id\":\"https:\\\/\\\/dani001.supserv.cozmoslabs.com\\\/#website\",\"url\":\"https:\\\/\\\/dani001.supserv.cozmoslabs.com\\\/\",\"name\":\"Onboarding Site\",\"description\":\"\",\"potentialAction\":[{\"@type\":\"SearchAction\",\"target\":{\"@type\":\"EntryPoint\",\"urlTemplate\":\"https:\\\/\\\/dani001.supserv.cozmoslabs.com\\\/?s={search_term_string}\"},\"query-input\":{\"@type\":\"PropertyValueSpecification\",\"valueRequired\":true,\"valueName\":\"search_term_string\"}}],\"inLanguage\":\"es\"}]}<\/script>\n<!-- \/ Yoast SEO plugin. -->","yoast_head_json":{"title":"P\u00e1gina de inicio - Sitio Onboarding","robots":{"index":"noindex","follow":"follow","max-snippet":"max-snippet:-1","max-image-preview":"max-image-preview:large","max-video-preview":"max-video-preview:-1"},"og_locale":"es_ES","og_type":"article","og_title":"HomePage - Onboarding Site","og_description":"The Stories Book A fine collection of moments in time featuring photographs from Louis Fleckenstein, Paul Strand and Asahachi K\u014dno. Available for pre-order now. Buy your copy of The Stories Book Outside Europe? View international editions. About the book This exquisite compilation showcases a diverse array of photographs that capture the essence of different eras &hellip; Leer m\u00e1s \u00abHomePage\u00bb","og_url":"https:\/\/dani001.supserv.cozmoslabs.com\/es\/","og_site_name":"Onboarding Site","article_modified_time":"2025-07-24T13:59:12+00:00","og_image":[{"url":"https:\/\/dani001.supserv.cozmoslabs.com\/wp-content\/themes\/twentytwentyfive\/assets\/images\/book-image-landing.webp","type":"","width":"","height":""}],"twitter_card":"summary_large_image","twitter_misc":{"Tiempo de lectura":"2 minutos"},"schema":{"@context":"https:\/\/schema.org","@graph":[{"@type":"WebPage","@id":"https:\/\/dani001.supserv.cozmoslabs.com\/","url":"https:\/\/dani001.supserv.cozmoslabs.com\/","name":"P\u00e1gina de inicio - Sitio Onboarding","isPartOf":{"@id":"https:\/\/dani001.supserv.cozmoslabs.com\/#website"},"primaryImageOfPage":{"@id":"https:\/\/dani001.supserv.cozmoslabs.com\/#primaryimage"},"image":{"@id":"https:\/\/dani001.supserv.cozmoslabs.com\/#primaryimage"},"thumbnailUrl":"https:\/\/dani001.supserv.cozmoslabs.com\/wp-content\/themes\/twentytwentyfive\/assets\/images\/book-image-landing.webp","datePublished":"2025-07-23T09:24:11+00:00","dateModified":"2025-07-24T13:59:12+00:00","breadcrumb":{"@id":"https:\/\/dani001.supserv.cozmoslabs.com\/#breadcrumb"},"inLanguage":"es","potentialAction":[{"@type":"ReadAction","target":["https:\/\/dani001.supserv.cozmoslabs.com\/"]}]},{"@type":"ImageObject","inLanguage":"es","@id":"https:\/\/dani001.supserv.cozmoslabs.com\/#primaryimage","url":"https:\/\/dani001.supserv.cozmoslabs.com\/wp-content\/themes\/twentytwentyfive\/assets\/images\/book-image-landing.webp","contentUrl":"https:\/\/dani001.supserv.cozmoslabs.com\/wp-content\/themes\/twentytwentyfive\/assets\/images\/book-image-landing.webp"},{"@type":"BreadcrumbList","@id":"https:\/\/dani001.supserv.cozmoslabs.com\/#breadcrumb","itemListElement":[{"@type":"ListItem","position":1,"name":"Home","item":"https:\/\/dani001.supserv.cozmoslabs.com\/"},{"@type":"ListItem","position":2,"name":"HomePage"}]},{"@type":"WebSite","@id":"https:\/\/dani001.supserv.cozmoslabs.com\/#website","url":"https:\/\/dani001.supserv.cozmoslabs.com\/","name":"Sitio de embarque","description":"","potentialAction":[{"@type":"SearchAction","target":{"@type":"EntryPoint","urlTemplate":"https:\/\/dani001.supserv.cozmoslabs.com\/?s={search_term_string}"},"query-input":{"@type":"PropertyValueSpecification","valueRequired":true,"valueName":"search_term_string"}}],"inLanguage":"es"}]}},"jetpack_sharing_enabled":true,"_links":{"self":[{"href":"https:\/\/dani001.supserv.cozmoslabs.com\/es\/wp-json\/wp\/v2\/pages\/157","targetHints":{"allow":["GET"]}}],"collection":[{"href":"https:\/\/dani001.supserv.cozmoslabs.com\/es\/wp-json\/wp\/v2\/pages"}],"about":[{"href":"https:\/\/dani001.supserv.cozmoslabs.com\/es\/wp-json\/wp\/v2\/types\/page"}],"author":[{"embeddable":true,"href":"https:\/\/dani001.supserv.cozmoslabs.com\/es\/wp-json\/wp\/v2\/users\/1"}],"replies":[{"embeddable":true,"href":"https:\/\/dani001.supserv.cozmoslabs.com\/es\/wp-json\/wp\/v2\/comments?post=157"}],"version-history":[{"count":10,"href":"https:\/\/dani001.supserv.cozmoslabs.com\/es\/wp-json\/wp\/v2\/pages\/157\/revisions"}],"predecessor-version":[{"id":313,"href":"https:\/\/dani001.supserv.cozmoslabs.com\/es\/wp-json\/wp\/v2\/pages\/157\/revisions\/313"}],"wp:attachment":[{"href":"https:\/\/dani001.supserv.cozmoslabs.com\/es\/wp-json\/wp\/v2\/media?parent=157"}],"curies":[{"name":"wp","href":"https:\/\/api.w.org\/{rel}","templated":true}]}}