{"id":6,"date":"2025-07-21T09:19:01","date_gmt":"2025-07-21T09:19:01","guid":{"rendered":"https:\/\/dani001.supserv.cozmoslabs.com\/register\/"},"modified":"2025-07-21T16:53:24","modified_gmt":"2025-07-21T13:53:24","slug":"register","status":"publish","type":"page","link":"https:\/\/dani001.supserv.cozmoslabs.com\/es\/register\/","title":{"rendered":"Reg\u00edstrese en"},"content":{"rendered":"<form enctype=\"multipart\/form-data\" method=\"post\" id=\"wppb-register-user-register-form\" class=\"wppb-user-forms wppb-register-user wppb-user-logged-out\" action=\"https:\/\/dani001.supserv.cozmoslabs.com\/es\/wp-json\/wp\/v2\/pages\/6\" data-trp-original-action=\"https:\/\/dani001.supserv.cozmoslabs.com\/es\/wp-json\/wp\/v2\/pages\/6\">\n\t\t\t<ul><li class=\"wppb-form-field wppb-default-username wppb-required\" id=\"wppb-form-element-2\">\n\t\t\t<label for=\"username\">Nombre de usuario<span class=\"wppb-required\" title=\"Este campo es obligatorio\">*<\/span><\/label>\n\t\t\t<input class=\"text-input default_field_username\" name=\"username\" maxlength=\"70\" type=\"text\" id=\"username\" value=\"\"  \/><\/li><li class=\"wppb-form-field wppb-default-first-name\" id=\"wppb-form-element-3\">\n\t\t\t<label for=\"first_name\">Nombre<\/label>\n\t\t\t<input class=\"text-input default_field_firstname\" name=\"first_name\" maxlength=\"70\" type=\"text\" id=\"first_name\" value=\"\"  \/><\/li><li class=\"wppb-form-field wppb-default-last-name\" id=\"wppb-form-element-4\">\n\t\t\t<label for=\"last_name\">Apellido<\/label>\n\t\t\t<input class=\"text-input default_field_lastname\" name=\"last_name\" maxlength=\"70\" type=\"text\" id=\"last_name\" value=\"\" \/><\/li><li class=\"wppb-form-field wppb-default-contact-info-heading\" id=\"wppb-form-element-7\"><h4>Informaci\u00f3n de contacto<\/h4><span class=\"wppb-description-delimiter\"><\/span><\/li><li class=\"wppb-form-field wppb-default-e-mail wppb-required\" id=\"wppb-form-element-8\">\n\t\t\t<label for=\"email\">Correo electr\u00f3nico<span class=\"wppb-required\" title=\"Este campo es obligatorio\">*<\/span><\/label>\n\t\t\t<input class=\"text-input default_field_email\" name=\"email\" maxlength=\"70\" type=\"email\" id=\"email\" value=\"\"   \/><\/li><li class=\"wppb-form-field wppb-default-password wppb-required\" id=\"wppb-form-element-12\">\n\t\t\t<label for=\"passw1\">Contrase\u00f1a<span class=\"wppb-required\" title=\"Este campo es obligatorio\">*<\/span><\/label>\n            <span class=\"wppb-password-field-container\">\n\t\t\t    <input class=\"text-input\" name=\"passw1\" maxlength=\"70\" type=\"password\" id=\"passw1\" value=\"\" autocomplete=\"off\" \/>\n\t\t\t     <!-- add the HTML for the visibility toggle -->\n\t\t\t<\/span><span class=\"wppb-description-delimiter\"> <\/span><\/li><li class=\"wppb-form-field wppb-default-repeat-password wppb-required\" id=\"wppb-form-element-13\">\n\t\t\t<label for=\"passw2\">Repetir contrase\u00f1a<span class=\"wppb-required\" title=\"Este campo es obligatorio\">*<\/span><\/label>\n\t\t\t<span class=\"wppb-password-field-container\">\n\t\t\t    <input class=\"text-input\" name=\"passw2\" maxlength=\"70\" type=\"password\" id=\"passw2\" value=\"\" autocomplete=\"off\" \/>\n\t\t\t     <!-- add the HTML for the visibility toggle -->\n\t\t\t<\/span><\/li><li class=\"wppb-form-field wppb-default-about-yourself-heading\" id=\"wppb-form-element-10\"><h4>Sobre usted<\/h4><span class=\"wppb-description-delimiter\"><\/span><\/li><li class=\"wppb-form-field wppb-radio\" id=\"wppb-form-element-15\">\n\t\t\t\t<label for=\"gender\">G\u00e9nero<\/label><ul class=\"wppb-radios\"><li><input value=\"Male\" class=\"custom_field_radio\" id=\"male_15\" name=\"gender\" type=\"radio\"   \/><label for=\"male_15\" class=\"wppb-rc-value\">Hombre<\/label><\/li><li><input value=\"Female\" class=\"custom_field_radio\" id=\"female_15\" name=\"gender\" type=\"radio\"   \/><label for=\"female_15\" class=\"wppb-rc-value\">Mujer<\/label><\/li><\/ul><\/li><li class=\"wppb-form-field wppb-number\" id=\"wppb-form-element-16\">\n\t\t\t\t<label for=\"age\">Edad<\/label>\n\t\t\t\t<input class=\"extra_field_number\" name=\"age\" maxlength=\"70\" step=\"1\" type=\"number\" min=\"0\" max=\"\" id=\"age\" value=\"\" \/><\/li><li class=\"wppb-form-field wppb-select\" id=\"wppb-form-element-18\">\n\t\t\t\t<label for=\"about_us\">\u00bfC\u00f3mo nos conoci\u00f3?<\/label>\n\t\t\t\t<select name=\"about_us\" id=\"about_us\" class=\"custom_field_select\" ><option value=\"Select\" class=\"custom_field_select_option\" >Seleccione<\/option><option value=\"A friend\" class=\"custom_field_select_option\" >Un amigo<\/option><option value=\"Website\" class=\"custom_field_select_option\" >P\u00e1gina web<\/option><option value=\"Search Result\" class=\"custom_field_select_option\" >Resultado de la b\u00fasqueda<\/option>\n\t\t\t\t<\/select><\/li><li class=\"wppb-form-field wppb-input\" id=\"wppb-form-element-19\">\n\t\t\t\t<label for=\"friends_name\">Por favor, introduce el nombre de tu amigo:<\/label>\n\t\t\t\t<input class=\"extra_field_input\" name=\"friends_name\" maxlength=\"250\" type=\"text\" id=\"friends_name\" value=\"\" \/><\/li><li class=\"wppb-form-field wppb-input\" id=\"wppb-form-element-20\">\n\t\t\t\t<label for=\"website_address\">Introduzca la direcci\u00f3n del sitio web:<\/label>\n\t\t\t\t<input class=\"extra_field_input\" name=\"website_address\" maxlength=\"250\" type=\"text\" id=\"website_address\" value=\"\" \/><\/li><li class=\"wppb-form-field wppb-input\" id=\"wppb-form-element-21\">\n\t\t\t\t<label for=\"search_term\">Ind\u00edquenos el t\u00e9rmino de b\u00fasqueda:<\/label>\n\t\t\t\t<input class=\"extra_field_input\" name=\"search_term\" maxlength=\"250\" type=\"text\" id=\"search_term\" value=\"\" \/><\/li><li class=\"wppb-form-field wppb-textarea\" id=\"wppb-form-element-14\">\n\t\t\t\t<label for=\"fav_food\">Comida favorita<\/label>\n\t\t\t\t<textarea rows=\"5\" name=\"fav_food\" maxlength=\"\" class=\"custom_field_textarea\" id=\"fav_food\" wrap=\"virtual\" ><\/textarea><\/li><span id=\"pms-submit-button-loading-placeholder-text\" style=\"display: none;\">Processing. Please wait...<\/span><\/ul><ul><li class=\"wppb-form-field wppb-send-credentials-checkbox\"><label for=\"send_credentials_via_email\"><input id=\"send_credentials_via_email\" type=\"checkbox\" name=\"send_credentials_via_email\" value=\"sending\"\/>Env\u00ede estas credenciales por correo electr\u00f3nico.<\/label><\/li><\/ul><\/ul>\t\t\t<p class=\"form-submit\"  >\n\t\t\t\t                \t\t\t\t<input name=\"register\" type=\"submit\" id=\"register\" class=\"submit button\" value=\"Reg\u00edstrese en\" \/>\n                <input name=\"redirect_to\" type=\"hidden\" value=\"\" \/>\n                \t\t\t\t<input name=\"action\" type=\"hidden\" id=\"action\" value=\"register\" \/>\n\t\t\t\t<input name=\"form_name\" type=\"hidden\" id=\"form_name\" value=\"register-form\" \/>\n\t\t\t\t<input name=\"form_id\" type=\"hidden\" id=\"form_id\" value=\"46\" \/>\n\t\t\t\t<input type=\"hidden\" name=\"wppb_referer_url\" value=\"\"\/>\t\t\t<\/p><!-- .form-submit -->\n\t\t\t<input type=\"hidden\" id=\"register_register-form_nonce_field\" name=\"register_register-form_nonce_field\" value=\"2ba6612fd8\" \/><input type=\"hidden\" name=\"_wp_http_referer\" value=\"\/es\/wp-json\/wp\/v2\/pages\/6\" \/>\t\t<input type=\"hidden\" name=\"trp-form-language\" value=\"es\"\/><\/form>","protected":false},"excerpt":{"rendered":"","protected":false},"author":1,"featured_media":0,"parent":0,"menu_order":0,"comment_status":"closed","ping_status":"closed","template":"","meta":{"inspiro_hide_title":false,"footnotes":""},"class_list":["post-6","page","type-page","status-publish","hentry"],"yoast_head":"<!-- This site is optimized with the Yoast SEO plugin v27.4 - https:\/\/yoast.com\/product\/yoast-seo-wordpress\/ -->\n<title>Register - Onboarding Site<\/title>\n<meta name=\"robots\" content=\"noindex, follow, max-snippet:-1, max-image-preview:large, max-video-preview:-1\" \/>\n<meta property=\"og:locale\" content=\"es_ES\" \/>\n<meta property=\"og:type\" content=\"article\" \/>\n<meta property=\"og:title\" content=\"Register - Onboarding Site\" \/>\n<meta property=\"og:url\" content=\"https:\/\/dani001.supserv.cozmoslabs.com\/es\/register\/\" \/>\n<meta property=\"og:site_name\" content=\"Onboarding Site\" \/>\n<meta property=\"article:modified_time\" content=\"2025-07-21T13:53:24+00:00\" \/>\n<meta name=\"twitter:card\" content=\"summary_large_image\" \/>\n<script type=\"application\/ld+json\" class=\"yoast-schema-graph\">{\"@context\":\"https:\\\/\\\/schema.org\",\"@graph\":[{\"@type\":\"WebPage\",\"@id\":\"https:\\\/\\\/dani001.supserv.cozmoslabs.com\\\/register\\\/\",\"url\":\"https:\\\/\\\/dani001.supserv.cozmoslabs.com\\\/register\\\/\",\"name\":\"Register - Onboarding Site\",\"isPartOf\":{\"@id\":\"https:\\\/\\\/dani001.supserv.cozmoslabs.com\\\/#website\"},\"datePublished\":\"2025-07-21T09:19:01+00:00\",\"dateModified\":\"2025-07-21T13:53:24+00:00\",\"breadcrumb\":{\"@id\":\"https:\\\/\\\/dani001.supserv.cozmoslabs.com\\\/register\\\/#breadcrumb\"},\"inLanguage\":\"es\",\"potentialAction\":[{\"@type\":\"ReadAction\",\"target\":[\"https:\\\/\\\/dani001.supserv.cozmoslabs.com\\\/register\\\/\"]}]},{\"@type\":\"BreadcrumbList\",\"@id\":\"https:\\\/\\\/dani001.supserv.cozmoslabs.com\\\/register\\\/#breadcrumb\",\"itemListElement\":[{\"@type\":\"ListItem\",\"position\":1,\"name\":\"Home\",\"item\":\"https:\\\/\\\/dani001.supserv.cozmoslabs.com\\\/\"},{\"@type\":\"ListItem\",\"position\":2,\"name\":\"Register\"}]},{\"@type\":\"WebSite\",\"@id\":\"https:\\\/\\\/dani001.supserv.cozmoslabs.com\\\/#website\",\"url\":\"https:\\\/\\\/dani001.supserv.cozmoslabs.com\\\/\",\"name\":\"Onboarding Site\",\"description\":\"\",\"potentialAction\":[{\"@type\":\"SearchAction\",\"target\":{\"@type\":\"EntryPoint\",\"urlTemplate\":\"https:\\\/\\\/dani001.supserv.cozmoslabs.com\\\/?s={search_term_string}\"},\"query-input\":{\"@type\":\"PropertyValueSpecification\",\"valueRequired\":true,\"valueName\":\"search_term_string\"}}],\"inLanguage\":\"es\"}]}<\/script>\n<!-- \/ Yoast SEO plugin. -->","yoast_head_json":{"title":"Register - Onboarding Site","robots":{"index":"noindex","follow":"follow","max-snippet":"max-snippet:-1","max-image-preview":"max-image-preview:large","max-video-preview":"max-video-preview:-1"},"og_locale":"es_ES","og_type":"article","og_title":"Register - Onboarding Site","og_url":"https:\/\/dani001.supserv.cozmoslabs.com\/es\/register\/","og_site_name":"Onboarding Site","article_modified_time":"2025-07-21T13:53:24+00:00","twitter_card":"summary_large_image","schema":{"@context":"https:\/\/schema.org","@graph":[{"@type":"WebPage","@id":"https:\/\/dani001.supserv.cozmoslabs.com\/register\/","url":"https:\/\/dani001.supserv.cozmoslabs.com\/register\/","name":"Register - Onboarding Site","isPartOf":{"@id":"https:\/\/dani001.supserv.cozmoslabs.com\/#website"},"datePublished":"2025-07-21T09:19:01+00:00","dateModified":"2025-07-21T13:53:24+00:00","breadcrumb":{"@id":"https:\/\/dani001.supserv.cozmoslabs.com\/register\/#breadcrumb"},"inLanguage":"es","potentialAction":[{"@type":"ReadAction","target":["https:\/\/dani001.supserv.cozmoslabs.com\/register\/"]}]},{"@type":"BreadcrumbList","@id":"https:\/\/dani001.supserv.cozmoslabs.com\/register\/#breadcrumb","itemListElement":[{"@type":"ListItem","position":1,"name":"Home","item":"https:\/\/dani001.supserv.cozmoslabs.com\/"},{"@type":"ListItem","position":2,"name":"Register"}]},{"@type":"WebSite","@id":"https:\/\/dani001.supserv.cozmoslabs.com\/#website","url":"https:\/\/dani001.supserv.cozmoslabs.com\/","name":"Sitio de embarque","description":"","potentialAction":[{"@type":"SearchAction","target":{"@type":"EntryPoint","urlTemplate":"https:\/\/dani001.supserv.cozmoslabs.com\/?s={search_term_string}"},"query-input":{"@type":"PropertyValueSpecification","valueRequired":true,"valueName":"search_term_string"}}],"inLanguage":"es"}]}},"jetpack_sharing_enabled":true,"_links":{"self":[{"href":"https:\/\/dani001.supserv.cozmoslabs.com\/es\/wp-json\/wp\/v2\/pages\/6","targetHints":{"allow":["GET"]}}],"collection":[{"href":"https:\/\/dani001.supserv.cozmoslabs.com\/es\/wp-json\/wp\/v2\/pages"}],"about":[{"href":"https:\/\/dani001.supserv.cozmoslabs.com\/es\/wp-json\/wp\/v2\/types\/page"}],"author":[{"embeddable":true,"href":"https:\/\/dani001.supserv.cozmoslabs.com\/es\/wp-json\/wp\/v2\/users\/1"}],"replies":[{"embeddable":true,"href":"https:\/\/dani001.supserv.cozmoslabs.com\/es\/wp-json\/wp\/v2\/comments?post=6"}],"version-history":[{"count":1,"href":"https:\/\/dani001.supserv.cozmoslabs.com\/es\/wp-json\/wp\/v2\/pages\/6\/revisions"}],"predecessor-version":[{"id":47,"href":"https:\/\/dani001.supserv.cozmoslabs.com\/es\/wp-json\/wp\/v2\/pages\/6\/revisions\/47"}],"wp:attachment":[{"href":"https:\/\/dani001.supserv.cozmoslabs.com\/es\/wp-json\/wp\/v2\/media?parent=6"}],"curies":[{"name":"wp","href":"https:\/\/api.w.org\/{rel}","templated":true}]}}