{"id":161,"date":"2025-07-23T12:34:19","date_gmt":"2025-07-23T09:34:19","guid":{"rendered":"https:\/\/dani001.supserv.cozmoslabs.com\/?page_id=161"},"modified":"2025-07-28T14:03:27","modified_gmt":"2025-07-28T11:03:27","slug":"chi-siamo","status":"publish","type":"page","link":"https:\/\/dani001.supserv.cozmoslabs.com\/it\/about-us\/","title":{"rendered":"Chi siamo"},"content":{"rendered":"<div class=\"wp-block-cover alignfull is-light has-contrast-color has-text-color has-link-color wp-elements-52675f6fe7ec5d7008f7c74a1da6a847\" style=\"margin-top:0;margin-bottom:0;padding-top:var(--wp--preset--spacing--60);padding-right:var(--wp--preset--spacing--50);padding-bottom:var(--wp--preset--spacing--60);padding-left:var(--wp--preset--spacing--50)\"><span aria-hidden=\"true\" class=\"wp-block-cover__background has-base-background-color has-background-dim-100 has-background-dim\"><\/span><div class=\"wp-block-cover__inner-container has-global-padding is-layout-constrained wp-container-core-cover-is-layout-873ee6b1 wp-block-cover-is-layout-constrained\">\n<div class=\"wp-block-columns alignwide is-layout-flex wp-container-core-columns-is-layout-7ee84d44 wp-block-columns-is-layout-flex\">\n<div class=\"wp-block-column is-layout-flow wp-block-column-is-layout-flow\" style=\"flex-basis:65%\">\n<div class=\"wp-block-group is-vertical is-content-justification-stretch is-layout-flex wp-container-core-group-is-layout-353c4f5a wp-block-group-is-layout-flex\">\n<h3 class=\"wp-block-heading has-text-align-left\" style=\"font-size:clamp(8.042rem, 8.042rem + ((1vw - 0.2rem) * 19.764), 22rem);font-style:normal;font-weight:300;letter-spacing:-0.03em;line-height:1.4\">EHI,<\/h3>\n\n\n\n<p class=\"is-style-text-subtitle\">Mi chiamo Nora Winslow Keene e sono un avvocato impegnato nella difesa degli interessi pubblici. Vivo a Denver, in Colorado, e da anni mi occupo dei diritti dei lavoratori sottorappresentati. Laureata alla Stanford University, ho svolto un ruolo chiave nel garantire tutele essenziali ai braccianti agricoli, garantendo salari migliori e accesso all&#039;assistenza sanitaria. Il mio lavoro si \u00e8 concentrato sulla difesa della giustizia ambientale e sul miglioramento della qualit\u00e0 della vita delle comunit\u00e0 rurali. Ogni caso che affronto \u00e8 guidato dalla convinzione che tutti meritino dignit\u00e0 e un trattamento equo sul posto di lavoro.<\/p>\n<\/div>\n<\/div>\n\n\n\n<div class=\"wp-block-column is-layout-flow wp-block-column-is-layout-flow\" style=\"flex-basis:35%\">\n<div class=\"wp-block-group is-vertical is-content-justification-stretch is-nowrap is-layout-flex wp-container-core-group-is-layout-73b0033c wp-block-group-is-layout-flex\">\n<figure class=\"wp-block-image size-full\"><img decoding=\"async\" src=\"https:\/\/dani001.supserv.cozmoslabs.com\/wp-content\/themes\/twentytwentyfive\/assets\/images\/woman-splashing-water.webp\" alt=\"Donna sulla spiaggia che schizza acqua.\" style=\"aspect-ratio:3\/4;object-fit:cover\"\/><\/figure>\n\n\n\n<p class=\"has-text-align-right has-x-large-font-size\" style=\"line-height:1.2\"><a href=\"#\">Instagram<\/a><br><a href=\"#\">LinkedIn<\/a><br><a href=\"#\">Ora<\/a><\/p>\n<\/div>\n<\/div>\n<\/div>\n<\/div><\/div>\n\n\n\n<p><\/p>","protected":false},"excerpt":{"rendered":"","protected":false},"author":1,"featured_media":0,"parent":0,"menu_order":0,"comment_status":"closed","ping_status":"closed","template":"","meta":{"inspiro_hide_title":false,"footnotes":""},"class_list":["post-161","page","type-page","status-publish","hentry"],"yoast_head":"<!-- This site is optimized with the Yoast SEO plugin v27.4 - https:\/\/yoast.com\/product\/yoast-seo-wordpress\/ -->\n<title>View About us Page - Onboarding Site<\/title>\n<meta name=\"description\" content=\"Learn more about our mission, values, and the team behind Onboarding Site. We&#039;re dedicated to helping you succeed with expert support and innovative solutions.\" \/>\n<meta name=\"robots\" content=\"noindex, follow, max-snippet:-1, max-image-preview:large, max-video-preview:-1\" \/>\n<meta property=\"og:locale\" content=\"it_IT\" \/>\n<meta property=\"og:type\" content=\"article\" \/>\n<meta property=\"og:title\" content=\"View About us Page - Onboarding Site\" \/>\n<meta property=\"og:description\" content=\"Learn more about our mission, values, and the team behind Onboarding Site. We&#039;re dedicated to helping you succeed with expert support and innovative solutions.\" \/>\n<meta property=\"og:url\" content=\"https:\/\/dani001.supserv.cozmoslabs.com\/it\/chi-siamo\/\" \/>\n<meta property=\"og:site_name\" content=\"Onboarding Site\" \/>\n<meta property=\"article:modified_time\" content=\"2025-07-28T11:03:27+00:00\" \/>\n<meta property=\"og:image\" content=\"https:\/\/dani001.supserv.cozmoslabs.com\/wp-content\/themes\/twentytwentyfive\/assets\/images\/woman-splashing-water.webp\" \/>\n<meta name=\"twitter:card\" content=\"summary_large_image\" \/>\n<meta name=\"twitter:label1\" content=\"Tempo di lettura stimato\" \/>\n\t<meta name=\"twitter:data1\" content=\"1 minuto\" \/>\n<script type=\"application\/ld+json\" class=\"yoast-schema-graph\">{\"@context\":\"https:\\\/\\\/schema.org\",\"@graph\":[{\"@type\":\"WebPage\",\"@id\":\"https:\\\/\\\/dani001.supserv.cozmoslabs.com\\\/about-us\\\/\",\"url\":\"https:\\\/\\\/dani001.supserv.cozmoslabs.com\\\/about-us\\\/\",\"name\":\"View About us Page - Onboarding Site\",\"isPartOf\":{\"@id\":\"https:\\\/\\\/dani001.supserv.cozmoslabs.com\\\/#website\"},\"primaryImageOfPage\":{\"@id\":\"https:\\\/\\\/dani001.supserv.cozmoslabs.com\\\/about-us\\\/#primaryimage\"},\"image\":{\"@id\":\"https:\\\/\\\/dani001.supserv.cozmoslabs.com\\\/about-us\\\/#primaryimage\"},\"thumbnailUrl\":\"https:\\\/\\\/dani001.supserv.cozmoslabs.com\\\/wp-content\\\/themes\\\/twentytwentyfive\\\/assets\\\/images\\\/woman-splashing-water.webp\",\"datePublished\":\"2025-07-23T09:34:19+00:00\",\"dateModified\":\"2025-07-28T11:03:27+00:00\",\"description\":\"Learn more about our mission, values, and the team behind Onboarding Site. We're dedicated to helping you succeed with expert support and innovative solutions.\",\"breadcrumb\":{\"@id\":\"https:\\\/\\\/dani001.supserv.cozmoslabs.com\\\/about-us\\\/#breadcrumb\"},\"inLanguage\":\"it-IT\",\"potentialAction\":[{\"@type\":\"ReadAction\",\"target\":[\"https:\\\/\\\/dani001.supserv.cozmoslabs.com\\\/about-us\\\/\"]}]},{\"@type\":\"ImageObject\",\"inLanguage\":\"it-IT\",\"@id\":\"https:\\\/\\\/dani001.supserv.cozmoslabs.com\\\/about-us\\\/#primaryimage\",\"url\":\"https:\\\/\\\/dani001.supserv.cozmoslabs.com\\\/wp-content\\\/themes\\\/twentytwentyfive\\\/assets\\\/images\\\/woman-splashing-water.webp\",\"contentUrl\":\"https:\\\/\\\/dani001.supserv.cozmoslabs.com\\\/wp-content\\\/themes\\\/twentytwentyfive\\\/assets\\\/images\\\/woman-splashing-water.webp\"},{\"@type\":\"BreadcrumbList\",\"@id\":\"https:\\\/\\\/dani001.supserv.cozmoslabs.com\\\/about-us\\\/#breadcrumb\",\"itemListElement\":[{\"@type\":\"ListItem\",\"position\":1,\"name\":\"Home\",\"item\":\"https:\\\/\\\/dani001.supserv.cozmoslabs.com\\\/\"},{\"@type\":\"ListItem\",\"position\":2,\"name\":\"About us\"}]},{\"@type\":\"WebSite\",\"@id\":\"https:\\\/\\\/dani001.supserv.cozmoslabs.com\\\/#website\",\"url\":\"https:\\\/\\\/dani001.supserv.cozmoslabs.com\\\/\",\"name\":\"Onboarding Site\",\"description\":\"\",\"potentialAction\":[{\"@type\":\"SearchAction\",\"target\":{\"@type\":\"EntryPoint\",\"urlTemplate\":\"https:\\\/\\\/dani001.supserv.cozmoslabs.com\\\/?s={search_term_string}\"},\"query-input\":{\"@type\":\"PropertyValueSpecification\",\"valueRequired\":true,\"valueName\":\"search_term_string\"}}],\"inLanguage\":\"it-IT\"}]}<\/script>\n<!-- \/ Yoast SEO plugin. -->","yoast_head_json":{"title":"View About us Page - Onboarding Site","description":"Learn more about our mission, values, and the team behind Onboarding Site. We're dedicated to helping you succeed with expert support and innovative solutions.","robots":{"index":"noindex","follow":"follow","max-snippet":"max-snippet:-1","max-image-preview":"max-image-preview:large","max-video-preview":"max-video-preview:-1"},"og_locale":"it_IT","og_type":"article","og_title":"View About us Page - Onboarding Site","og_description":"Learn more about our mission, values, and the team behind Onboarding Site. We're dedicated to helping you succeed with expert support and innovative solutions.","og_url":"https:\/\/dani001.supserv.cozmoslabs.com\/it\/chi-siamo\/","og_site_name":"Onboarding Site","article_modified_time":"2025-07-28T11:03:27+00:00","og_image":[{"url":"https:\/\/dani001.supserv.cozmoslabs.com\/wp-content\/themes\/twentytwentyfive\/assets\/images\/woman-splashing-water.webp","type":"","width":"","height":""}],"twitter_card":"summary_large_image","twitter_misc":{"Tempo di lettura stimato":"1 minuto"},"schema":{"@context":"https:\/\/schema.org","@graph":[{"@type":"WebPage","@id":"https:\/\/dani001.supserv.cozmoslabs.com\/about-us\/","url":"https:\/\/dani001.supserv.cozmoslabs.com\/about-us\/","name":"View About us Page - Onboarding Site","isPartOf":{"@id":"https:\/\/dani001.supserv.cozmoslabs.com\/#website"},"primaryImageOfPage":{"@id":"https:\/\/dani001.supserv.cozmoslabs.com\/about-us\/#primaryimage"},"image":{"@id":"https:\/\/dani001.supserv.cozmoslabs.com\/about-us\/#primaryimage"},"thumbnailUrl":"https:\/\/dani001.supserv.cozmoslabs.com\/wp-content\/themes\/twentytwentyfive\/assets\/images\/woman-splashing-water.webp","datePublished":"2025-07-23T09:34:19+00:00","dateModified":"2025-07-28T11:03:27+00:00","description":"Learn more about our mission, values, and the team behind Onboarding Site. We're dedicated to helping you succeed with expert support and innovative solutions.","breadcrumb":{"@id":"https:\/\/dani001.supserv.cozmoslabs.com\/about-us\/#breadcrumb"},"inLanguage":"it-IT","potentialAction":[{"@type":"ReadAction","target":["https:\/\/dani001.supserv.cozmoslabs.com\/about-us\/"]}]},{"@type":"ImageObject","inLanguage":"it-IT","@id":"https:\/\/dani001.supserv.cozmoslabs.com\/about-us\/#primaryimage","url":"https:\/\/dani001.supserv.cozmoslabs.com\/wp-content\/themes\/twentytwentyfive\/assets\/images\/woman-splashing-water.webp","contentUrl":"https:\/\/dani001.supserv.cozmoslabs.com\/wp-content\/themes\/twentytwentyfive\/assets\/images\/woman-splashing-water.webp"},{"@type":"BreadcrumbList","@id":"https:\/\/dani001.supserv.cozmoslabs.com\/about-us\/#breadcrumb","itemListElement":[{"@type":"ListItem","position":1,"name":"Home","item":"https:\/\/dani001.supserv.cozmoslabs.com\/"},{"@type":"ListItem","position":2,"name":"About us"}]},{"@type":"WebSite","@id":"https:\/\/dani001.supserv.cozmoslabs.com\/#website","url":"https:\/\/dani001.supserv.cozmoslabs.com\/","name":"Sito di onboarding","description":"","potentialAction":[{"@type":"SearchAction","target":{"@type":"EntryPoint","urlTemplate":"https:\/\/dani001.supserv.cozmoslabs.com\/?s={search_term_string}"},"query-input":{"@type":"PropertyValueSpecification","valueRequired":true,"valueName":"search_term_string"}}],"inLanguage":"it-IT"}]}},"jetpack_sharing_enabled":true,"_links":{"self":[{"href":"https:\/\/dani001.supserv.cozmoslabs.com\/it\/wp-json\/wp\/v2\/pages\/161","targetHints":{"allow":["GET"]}}],"collection":[{"href":"https:\/\/dani001.supserv.cozmoslabs.com\/it\/wp-json\/wp\/v2\/pages"}],"about":[{"href":"https:\/\/dani001.supserv.cozmoslabs.com\/it\/wp-json\/wp\/v2\/types\/page"}],"author":[{"embeddable":true,"href":"https:\/\/dani001.supserv.cozmoslabs.com\/it\/wp-json\/wp\/v2\/users\/1"}],"replies":[{"embeddable":true,"href":"https:\/\/dani001.supserv.cozmoslabs.com\/it\/wp-json\/wp\/v2\/comments?post=161"}],"version-history":[{"count":4,"href":"https:\/\/dani001.supserv.cozmoslabs.com\/it\/wp-json\/wp\/v2\/pages\/161\/revisions"}],"predecessor-version":[{"id":280,"href":"https:\/\/dani001.supserv.cozmoslabs.com\/it\/wp-json\/wp\/v2\/pages\/161\/revisions\/280"}],"wp:attachment":[{"href":"https:\/\/dani001.supserv.cozmoslabs.com\/it\/wp-json\/wp\/v2\/media?parent=161"}],"curies":[{"name":"wp","href":"https:\/\/api.w.org\/{rel}","templated":true}]}}