{"id":190,"date":"2025-07-24T11:07:37","date_gmt":"2025-07-24T08:07:37","guid":{"rendered":"https:\/\/dani001.supserv.cozmoslabs.com\/?page_id=190"},"modified":"2025-07-24T11:07:40","modified_gmt":"2025-07-24T08:07:40","slug":"cultura-francese","status":"publish","type":"page","link":"https:\/\/dani001.supserv.cozmoslabs.com\/it\/culture-francaise\/","title":{"rendered":"Cultura francese"},"content":{"rendered":"<p>La culture fran\u00e7aise est riche et diversifi\u00e9e, allant de la gastronomie aux arts, en passant par la mode et la litt\u00e9rature. Il paese \u00e8 celebre per i suoi contributi alla filosofia, alla musica e al cinema, che arricchiscono anche il patrimonio mondiale. Les tradizioni, raccontano che la celebrazione della F\u00eate de la Musique ou la gastronomie fran\u00e7aise, attirano i visitatori del mondo intero. La langue fran\u00e7aise, quant \u00e0 elle, est souvent associ\u00e9e \u00e0 l&#039;amour et \u00e0 la romance, et elle joue un r\u00f4le essentiel dans l&#039;identit\u00e9 nationale, faisant de la France un lieu unique et affascinanten \u00e0 explorer.<\/p>","protected":false},"excerpt":{"rendered":"<p>La culture fran\u00e7aise est riche et diversifi\u00e9e, allant de la gastronomie aux arts, en passant par la mode et la litt\u00e9rature. Il paese \u00e8 celebre per i suoi contributi alla filosofia, alla musica e al cinema, che arricchiscono anche il patrimonio mondiale. Les tradizioni, raccontano che la celebrazione della F\u00eate de la Musique ou... <\/p>\n<p class=\"link-more\"><a href=\"https:\/\/dani001.supserv.cozmoslabs.com\/it\/culture-francaise\/\" class=\"more-link\">Leggi tutto<span class=\"screen-reader-text\"> \u201cCultura Francese\u201d<\/span><\/a><\/p>","protected":false},"author":1,"featured_media":0,"parent":0,"menu_order":0,"comment_status":"closed","ping_status":"closed","template":"","meta":{"inspiro_hide_title":false,"footnotes":""},"class_list":["post-190","page","type-page","status-publish","hentry"],"yoast_head":"<!-- This site is optimized with the Yoast SEO plugin v27.4 - https:\/\/yoast.com\/product\/yoast-seo-wordpress\/ -->\n<title>Culture Fran\u00e7aise - Onboarding Site<\/title>\n<meta name=\"robots\" content=\"noindex, follow, max-snippet:-1, max-image-preview:large, max-video-preview:-1\" \/>\n<meta property=\"og:locale\" content=\"it_IT\" \/>\n<meta property=\"og:type\" content=\"article\" \/>\n<meta property=\"og:title\" content=\"Culture Fran\u00e7aise - Onboarding Site\" \/>\n<meta property=\"og:description\" content=\"La culture fran\u00e7aise est riche et diversifi\u00e9e, allant de la gastronomie aux arts, en passant par la mode et la litt\u00e9rature. Le pays est c\u00e9l\u00e8bre pour ses contributions \u00e0 la philosophie, \u00e0 la musique et au cin\u00e9ma, enrichissant ainsi le patrimoine mondial. Les traditions, telles que la c\u00e9l\u00e9bration de la F\u00eate de la Musique ou &hellip; Leggi tutto &quot;Culture Fran\u00e7aise&quot;\" \/>\n<meta property=\"og:url\" content=\"https:\/\/dani001.supserv.cozmoslabs.com\/it\/cultura-francese\/\" \/>\n<meta property=\"og:site_name\" content=\"Onboarding Site\" \/>\n<meta property=\"article:modified_time\" content=\"2025-07-24T08:07:40+00:00\" \/>\n<meta name=\"twitter:card\" content=\"summary_large_image\" \/>\n<meta name=\"twitter:label1\" content=\"Tempo di lettura stimato\" \/>\n\t<meta name=\"twitter:data1\" content=\"1 minuto\" \/>\n<script type=\"application\/ld+json\" class=\"yoast-schema-graph\">{\"@context\":\"https:\\\/\\\/schema.org\",\"@graph\":[{\"@type\":\"WebPage\",\"@id\":\"https:\\\/\\\/dani001.supserv.cozmoslabs.com\\\/culture-francaise\\\/\",\"url\":\"https:\\\/\\\/dani001.supserv.cozmoslabs.com\\\/culture-francaise\\\/\",\"name\":\"Culture Fran\u00e7aise - Onboarding Site\",\"isPartOf\":{\"@id\":\"https:\\\/\\\/dani001.supserv.cozmoslabs.com\\\/#website\"},\"datePublished\":\"2025-07-24T08:07:37+00:00\",\"dateModified\":\"2025-07-24T08:07:40+00:00\",\"breadcrumb\":{\"@id\":\"https:\\\/\\\/dani001.supserv.cozmoslabs.com\\\/culture-francaise\\\/#breadcrumb\"},\"inLanguage\":\"it-IT\",\"potentialAction\":[{\"@type\":\"ReadAction\",\"target\":[\"https:\\\/\\\/dani001.supserv.cozmoslabs.com\\\/culture-francaise\\\/\"]}]},{\"@type\":\"BreadcrumbList\",\"@id\":\"https:\\\/\\\/dani001.supserv.cozmoslabs.com\\\/culture-francaise\\\/#breadcrumb\",\"itemListElement\":[{\"@type\":\"ListItem\",\"position\":1,\"name\":\"Home\",\"item\":\"https:\\\/\\\/dani001.supserv.cozmoslabs.com\\\/\"},{\"@type\":\"ListItem\",\"position\":2,\"name\":\"Culture Fran\u00e7aise\"}]},{\"@type\":\"WebSite\",\"@id\":\"https:\\\/\\\/dani001.supserv.cozmoslabs.com\\\/#website\",\"url\":\"https:\\\/\\\/dani001.supserv.cozmoslabs.com\\\/\",\"name\":\"Onboarding Site\",\"description\":\"\",\"potentialAction\":[{\"@type\":\"SearchAction\",\"target\":{\"@type\":\"EntryPoint\",\"urlTemplate\":\"https:\\\/\\\/dani001.supserv.cozmoslabs.com\\\/?s={search_term_string}\"},\"query-input\":{\"@type\":\"PropertyValueSpecification\",\"valueRequired\":true,\"valueName\":\"search_term_string\"}}],\"inLanguage\":\"it-IT\"}]}<\/script>\n<!-- \/ Yoast SEO plugin. -->","yoast_head_json":{"title":"Culture Fran\u00e7aise - Sito di onboarding","robots":{"index":"noindex","follow":"follow","max-snippet":"max-snippet:-1","max-image-preview":"max-image-preview:large","max-video-preview":"max-video-preview:-1"},"og_locale":"it_IT","og_type":"article","og_title":"Culture Fran\u00e7aise - Onboarding Site","og_description":"La culture fran\u00e7aise est riche et diversifi\u00e9e, allant de la gastronomie aux arts, en passant par la mode et la litt\u00e9rature. Le pays est c\u00e9l\u00e8bre pour ses contributions \u00e0 la philosophie, \u00e0 la musique et au cin\u00e9ma, enrichissant ainsi le patrimoine mondial. Les traditions, telles que la c\u00e9l\u00e9bration de la F\u00eate de la Musique ou &hellip; Leggi tutto \"Culture Fran\u00e7aise\"","og_url":"https:\/\/dani001.supserv.cozmoslabs.com\/it\/cultura-francese\/","og_site_name":"Onboarding Site","article_modified_time":"2025-07-24T08:07:40+00:00","twitter_card":"summary_large_image","twitter_misc":{"Tempo di lettura stimato":"1 minuto"},"schema":{"@context":"https:\/\/schema.org","@graph":[{"@type":"WebPage","@id":"https:\/\/dani001.supserv.cozmoslabs.com\/culture-francaise\/","url":"https:\/\/dani001.supserv.cozmoslabs.com\/culture-francaise\/","name":"Culture Fran\u00e7aise - Sito di onboarding","isPartOf":{"@id":"https:\/\/dani001.supserv.cozmoslabs.com\/#website"},"datePublished":"2025-07-24T08:07:37+00:00","dateModified":"2025-07-24T08:07:40+00:00","breadcrumb":{"@id":"https:\/\/dani001.supserv.cozmoslabs.com\/culture-francaise\/#breadcrumb"},"inLanguage":"it-IT","potentialAction":[{"@type":"ReadAction","target":["https:\/\/dani001.supserv.cozmoslabs.com\/culture-francaise\/"]}]},{"@type":"BreadcrumbList","@id":"https:\/\/dani001.supserv.cozmoslabs.com\/culture-francaise\/#breadcrumb","itemListElement":[{"@type":"ListItem","position":1,"name":"Home","item":"https:\/\/dani001.supserv.cozmoslabs.com\/"},{"@type":"ListItem","position":2,"name":"Culture Fran\u00e7aise"}]},{"@type":"WebSite","@id":"https:\/\/dani001.supserv.cozmoslabs.com\/#website","url":"https:\/\/dani001.supserv.cozmoslabs.com\/","name":"Sito di onboarding","description":"","potentialAction":[{"@type":"SearchAction","target":{"@type":"EntryPoint","urlTemplate":"https:\/\/dani001.supserv.cozmoslabs.com\/?s={search_term_string}"},"query-input":{"@type":"PropertyValueSpecification","valueRequired":true,"valueName":"search_term_string"}}],"inLanguage":"it-IT"}]}},"jetpack_sharing_enabled":true,"_links":{"self":[{"href":"https:\/\/dani001.supserv.cozmoslabs.com\/it\/wp-json\/wp\/v2\/pages\/190","targetHints":{"allow":["GET"]}}],"collection":[{"href":"https:\/\/dani001.supserv.cozmoslabs.com\/it\/wp-json\/wp\/v2\/pages"}],"about":[{"href":"https:\/\/dani001.supserv.cozmoslabs.com\/it\/wp-json\/wp\/v2\/types\/page"}],"author":[{"embeddable":true,"href":"https:\/\/dani001.supserv.cozmoslabs.com\/it\/wp-json\/wp\/v2\/users\/1"}],"replies":[{"embeddable":true,"href":"https:\/\/dani001.supserv.cozmoslabs.com\/it\/wp-json\/wp\/v2\/comments?post=190"}],"version-history":[{"count":2,"href":"https:\/\/dani001.supserv.cozmoslabs.com\/it\/wp-json\/wp\/v2\/pages\/190\/revisions"}],"predecessor-version":[{"id":305,"href":"https:\/\/dani001.supserv.cozmoslabs.com\/it\/wp-json\/wp\/v2\/pages\/190\/revisions\/305"}],"wp:attachment":[{"href":"https:\/\/dani001.supserv.cozmoslabs.com\/it\/wp-json\/wp\/v2\/media?parent=190"}],"curies":[{"name":"wp","href":"https:\/\/api.w.org\/{rel}","templated":true}]}}